{"id":2,"date":"2023-07-14T17:34:42","date_gmt":"2023-07-14T15:34:42","guid":{"rendered":"http:\/\/www.bordeauxcleanauto.fr\/?page_id=2"},"modified":"2024-11-07T13:53:47","modified_gmt":"2024-11-07T12:53:47","slug":"nettoyage-interieur","status":"publish","type":"page","link":"https:\/\/www.bordeauxcleanauto.fr\/index.php\/nettoyage-interieur\/","title":{"rendered":"Nettoyage Int\u00e9rieur"},"content":{"rendered":"\n<p>Il existe 3 forfaits de nettoyage :<\/p>\n\n\n\n<ul class=\"wp-block-list\">\n<li><strong>Le nettoyage Express<\/strong><\/li>\n<\/ul>\n\n\n\n<p>Il consiste \u00e0 donner un bon coup de nettoyage dans l&rsquo;habitacle, sans \u00ab\u00a0peaufiner\u00a0\u00bb les d\u00e9tails. Il pourra donc rester de la poussi\u00e8re sous le si\u00e8ge ou dans les petits recoins du v\u00e9hicule. Les vitres ne sont pas comprises dans ce forfait. Il permet n\u00e9anmoins d&rsquo;avoir un bon coup de frais en 30 minutes.<\/p>\n\n\n\n<ul class=\"wp-block-list\">\n<li><strong>Le nettoyage Confort<\/strong><\/li>\n<\/ul>\n\n\n\n<p>Celui-ci permet d&rsquo;obtenir un nettoyage en profondeur du v\u00e9hicule, dans les moindre recoins, vitres incluses.  Il faut compter entre 1 et 2 heures selon le mod\u00e8le et l&rsquo;\u00e9tat de votre v\u00e9hicule.<\/p>\n\n\n\n<ul class=\"wp-block-list\">\n<li><strong>Le nettoyage Int\u00e9gral<\/strong><\/li>\n<\/ul>\n\n\n\n<p>En plus d&rsquo;\u00eatre un nettoyage en profondeur du v\u00e9hicule, l&rsquo;int\u00e9gralit\u00e9 de vos plastiques, chromes, vitres, seront nettoy\u00e9s avec des produits adapt\u00e9s \u00e0 chaque surface. Il faut compter environ 3 heures selon le mod\u00e8le et l&rsquo;\u00e9tat de votre v\u00e9hicule.<\/p>\n\n\n\n<p><strong><em>Le petit plus qui fait la diff\u00e9rence sur toutes nos formules : le parfum qui vous permettra de vous sentir dans un v\u00e9hicule propre et fra\u00eechement nettoy\u00e9 pendant plusieurs jours \ud83d\ude09<\/em><\/strong><\/p>\n\n\n\n<p>Plusieurs options peuvent \u00eatre demand\u00e9es en suppl\u00e9ment, n&rsquo;h\u00e9sitez pas \u00e0 me contacter pour obtenir un devis.<\/p>\n\n\n\n<p><strong>Options Suppl\u00e9mentaires :<\/strong><\/p>\n\n\n\n<ul class=\"wp-block-list\">\n<li>Nettoyage des cuirs <\/li>\n\n\n\n<li>Shampouinage des si\u00e8ges<\/li>\n<\/ul>\n","protected":false},"excerpt":{"rendered":"<p>Il existe 3 forfaits de nettoyage : Il consiste \u00e0 donner un bon coup de nettoyage dans l&rsquo;habitacle, sans \u00ab\u00a0peaufiner\u00a0\u00bb les d\u00e9tails. Il pourra donc rester de la poussi\u00e8re sous le si\u00e8ge ou dans les petits recoins du v\u00e9hicule. Les vitres ne sont pas comprises dans ce forfait. Il permet n\u00e9anmoins d&rsquo;avoir un bon coup [&hellip;]<\/p>\n","protected":false},"author":1,"featured_media":24,"parent":0,"menu_order":1,"comment_status":"closed","ping_status":"open","template":"page-no-separators","meta":{"footnotes":""},"class_list":["post-2","page","type-page","status-publish","has-post-thumbnail","hentry"],"_links":{"self":[{"href":"https:\/\/www.bordeauxcleanauto.fr\/index.php\/wp-json\/wp\/v2\/pages\/2","targetHints":{"allow":["GET"]}}],"collection":[{"href":"https:\/\/www.bordeauxcleanauto.fr\/index.php\/wp-json\/wp\/v2\/pages"}],"about":[{"href":"https:\/\/www.bordeauxcleanauto.fr\/index.php\/wp-json\/wp\/v2\/types\/page"}],"author":[{"embeddable":true,"href":"https:\/\/www.bordeauxcleanauto.fr\/index.php\/wp-json\/wp\/v2\/users\/1"}],"replies":[{"embeddable":true,"href":"https:\/\/www.bordeauxcleanauto.fr\/index.php\/wp-json\/wp\/v2\/comments?post=2"}],"version-history":[{"count":3,"href":"https:\/\/www.bordeauxcleanauto.fr\/index.php\/wp-json\/wp\/v2\/pages\/2\/revisions"}],"predecessor-version":[{"id":54,"href":"https:\/\/www.bordeauxcleanauto.fr\/index.php\/wp-json\/wp\/v2\/pages\/2\/revisions\/54"}],"wp:featuredmedia":[{"embeddable":true,"href":"https:\/\/www.bordeauxcleanauto.fr\/index.php\/wp-json\/wp\/v2\/media\/24"}],"wp:attachment":[{"href":"https:\/\/www.bordeauxcleanauto.fr\/index.php\/wp-json\/wp\/v2\/media?parent=2"}],"curies":[{"name":"wp","href":"https:\/\/api.w.org\/{rel}","templated":true}]}}