{"id":38,"date":"2023-11-25T15:31:58","date_gmt":"2023-11-25T14:31:58","guid":{"rendered":"http:\/\/www.bordeauxcleanauto.fr\/?page_id=38"},"modified":"2023-11-25T15:31:58","modified_gmt":"2023-11-25T14:31:58","slug":"renovation-de-phares","status":"publish","type":"page","link":"https:\/\/www.bordeauxcleanauto.fr\/index.php\/renovation-de-phares\/","title":{"rendered":"R\u00e9novation de phares"},"content":{"rendered":"\n<p>Au-del\u00e0 de l&rsquo;aspect esth\u00e9tique, la premi\u00e8re raison qui doit vous pousser \u00e0 r\u00e9nover vos phares de voiture est la s\u00e9curit\u00e9.<\/p>\n\n\n\n<p>Effectivement, l&rsquo;opacit\u00e9 de vos phares les rendent moins efficaces lorsque la nuit commence \u00e0 tomber ou lors de mauvais temps.<\/p>\n","protected":false},"excerpt":{"rendered":"<p>Au-del\u00e0 de l&rsquo;aspect esth\u00e9tique, la premi\u00e8re raison qui doit vous pousser \u00e0 r\u00e9nover vos phares de voiture est la s\u00e9curit\u00e9. Effectivement, l&rsquo;opacit\u00e9 de vos phares les rendent moins efficaces lorsque la nuit commence \u00e0 tomber ou lors de mauvais temps.<\/p>\n","protected":false},"author":1,"featured_media":0,"parent":0,"menu_order":0,"comment_status":"closed","ping_status":"closed","template":"","meta":{"footnotes":""},"class_list":["post-38","page","type-page","status-publish","hentry"],"_links":{"self":[{"href":"https:\/\/www.bordeauxcleanauto.fr\/index.php\/wp-json\/wp\/v2\/pages\/38","targetHints":{"allow":["GET"]}}],"collection":[{"href":"https:\/\/www.bordeauxcleanauto.fr\/index.php\/wp-json\/wp\/v2\/pages"}],"about":[{"href":"https:\/\/www.bordeauxcleanauto.fr\/index.php\/wp-json\/wp\/v2\/types\/page"}],"author":[{"embeddable":true,"href":"https:\/\/www.bordeauxcleanauto.fr\/index.php\/wp-json\/wp\/v2\/users\/1"}],"replies":[{"embeddable":true,"href":"https:\/\/www.bordeauxcleanauto.fr\/index.php\/wp-json\/wp\/v2\/comments?post=38"}],"version-history":[{"count":2,"href":"https:\/\/www.bordeauxcleanauto.fr\/index.php\/wp-json\/wp\/v2\/pages\/38\/revisions"}],"predecessor-version":[{"id":45,"href":"https:\/\/www.bordeauxcleanauto.fr\/index.php\/wp-json\/wp\/v2\/pages\/38\/revisions\/45"}],"wp:attachment":[{"href":"https:\/\/www.bordeauxcleanauto.fr\/index.php\/wp-json\/wp\/v2\/media?parent=38"}],"curies":[{"name":"wp","href":"https:\/\/api.w.org\/{rel}","templated":true}]}}