{"id":49,"date":"2024-11-07T10:21:52","date_gmt":"2024-11-07T09:21:52","guid":{"rendered":"http:\/\/www.bordeauxcleanauto.fr\/?page_id=49"},"modified":"2024-11-07T13:54:59","modified_gmt":"2024-11-07T12:54:59","slug":"contact","status":"publish","type":"page","link":"https:\/\/www.bordeauxcleanauto.fr\/index.php\/contact\/","title":{"rendered":"Contact"},"content":{"rendered":"\n<p>N&rsquo;h\u00e9sitez pas \u00e0 m&rsquo;appeler ou \u00e0 me contacter par SMS au 06.16.59.87.66.<\/p>\n\n\n\n<p>Vous pouvez \u00e9galement me joindre par email \u00e0 <a href=\"mailto:mathieu@bordeauxcleanauto.com\">mathieu@bordeauxcleanauto.com<\/a>.<\/p>\n\n\n\n<p>Au plaisir de prendre soin de votre v\u00e9hicule!<\/p>\n\n\n\n<p>Mathieu.<\/p>\n\n\n\n<p><\/p>\n","protected":false},"excerpt":{"rendered":"<p>N&rsquo;h\u00e9sitez pas \u00e0 m&rsquo;appeler ou \u00e0 me contacter par SMS au 06.16.59.87.66. Vous pouvez \u00e9galement me joindre par email \u00e0 mathieu@bordeauxcleanauto.com. Au plaisir de prendre soin de votre v\u00e9hicule! Mathieu.<\/p>\n","protected":false},"author":1,"featured_media":0,"parent":0,"menu_order":0,"comment_status":"closed","ping_status":"closed","template":"","meta":{"footnotes":""},"class_list":["post-49","page","type-page","status-publish","hentry"],"_links":{"self":[{"href":"https:\/\/www.bordeauxcleanauto.fr\/index.php\/wp-json\/wp\/v2\/pages\/49","targetHints":{"allow":["GET"]}}],"collection":[{"href":"https:\/\/www.bordeauxcleanauto.fr\/index.php\/wp-json\/wp\/v2\/pages"}],"about":[{"href":"https:\/\/www.bordeauxcleanauto.fr\/index.php\/wp-json\/wp\/v2\/types\/page"}],"author":[{"embeddable":true,"href":"https:\/\/www.bordeauxcleanauto.fr\/index.php\/wp-json\/wp\/v2\/users\/1"}],"replies":[{"embeddable":true,"href":"https:\/\/www.bordeauxcleanauto.fr\/index.php\/wp-json\/wp\/v2\/comments?post=49"}],"version-history":[{"count":3,"href":"https:\/\/www.bordeauxcleanauto.fr\/index.php\/wp-json\/wp\/v2\/pages\/49\/revisions"}],"predecessor-version":[{"id":55,"href":"https:\/\/www.bordeauxcleanauto.fr\/index.php\/wp-json\/wp\/v2\/pages\/49\/revisions\/55"}],"wp:attachment":[{"href":"https:\/\/www.bordeauxcleanauto.fr\/index.php\/wp-json\/wp\/v2\/media?parent=49"}],"curies":[{"name":"wp","href":"https:\/\/api.w.org\/{rel}","templated":true}]}}